{"id":8264,"date":"2023-06-28T08:50:18","date_gmt":"2023-06-28T08:50:18","guid":{"rendered":"https:\/\/sportwithus.com\/?page_id=8264"},"modified":"2025-04-10T10:36:30","modified_gmt":"2025-04-10T10:36:30","slug":"cetverokrevetna-soba","status":"publish","type":"page","link":"https:\/\/sportwithus.com\/index.php\/cetverokrevetna-soba\/","title":{"rendered":"Dvokrevetna soba"},"content":{"rendered":"\t\t<div data-elementor-type=\"wp-page\" data-elementor-id=\"8264\" class=\"elementor elementor-8264\">\n\t\t\t\t\t\t\t\t\t<section class=\"elementor-section elementor-top-section elementor-element elementor-element-02215a3 elementor-section-boxed elementor-section-height-default elementor-section-height-default\" data-id=\"02215a3\" data-element_type=\"section\">\n\t\t\t\t\t\t<div class=\"elementor-container elementor-column-gap-default\">\n\t\t\t\t\t<div class=\"elementor-column elementor-col-100 elementor-top-column elementor-element elementor-element-8233023\" data-id=\"8233023\" data-element_type=\"column\">\n\t\t\t<div class=\"elementor-widget-wrap elementor-element-populated\">\n\t\t\t\t\t\t\t\t<div class=\"elementor-element elementor-element-8d8c1be elementor-widget elementor-widget-heading\" data-id=\"8d8c1be\" data-element_type=\"widget\" data-widget_type=\"heading.default\">\n\t\t\t\t<div class=\"elementor-widget-container\">\n\t\t\t<style>\/*! elementor - v3.14.0 - 26-06-2023 *\/\n.elementor-heading-title{padding:0;margin:0;line-height:1}.elementor-widget-heading .elementor-heading-title[class*=elementor-size-]>a{color:inherit;font-size:inherit;line-height:inherit}.elementor-widget-heading .elementor-heading-title.elementor-size-small{font-size:15px}.elementor-widget-heading .elementor-heading-title.elementor-size-medium{font-size:19px}.elementor-widget-heading .elementor-heading-title.elementor-size-large{font-size:29px}.elementor-widget-heading .elementor-heading-title.elementor-size-xl{font-size:39px}.elementor-widget-heading .elementor-heading-title.elementor-size-xxl{font-size:59px}<\/style><h2 class=\"elementor-heading-title elementor-size-default\">Dvokrevetna soba<\/h2>\t\t<\/div>\n\t\t\t\t<\/div>\n\t\t\t\t\t<\/div>\n\t\t<\/div>\n\t\t\t\t\t\t\t<\/div>\n\t\t<\/section>\n\t\t\t\t<section class=\"elementor-section elementor-top-section elementor-element elementor-element-3db4d23 elementor-section-boxed elementor-section-height-default elementor-section-height-default\" data-id=\"3db4d23\" data-element_type=\"section\">\n\t\t\t\t\t\t<div class=\"elementor-container elementor-column-gap-default\">\n\t\t\t\t\t<div class=\"elementor-column elementor-col-100 elementor-top-column elementor-element elementor-element-9514541\" data-id=\"9514541\" data-element_type=\"column\">\n\t\t\t<div class=\"elementor-widget-wrap elementor-element-populated\">\n\t\t\t\t\t\t\t\t<div class=\"elementor-element elementor-element-151a0a9 elementor-widget elementor-widget-text-editor\" data-id=\"151a0a9\" data-element_type=\"widget\" data-widget_type=\"text-editor.default\">\n\t\t\t\t<div class=\"elementor-widget-container\">\n\t\t\t<style>\/*! elementor - v3.14.0 - 26-06-2023 *\/\n.elementor-widget-text-editor.elementor-drop-cap-view-stacked .elementor-drop-cap{background-color:#69727d;color:#fff}.elementor-widget-text-editor.elementor-drop-cap-view-framed .elementor-drop-cap{color:#69727d;border:3px solid;background-color:transparent}.elementor-widget-text-editor:not(.elementor-drop-cap-view-default) .elementor-drop-cap{margin-top:8px}.elementor-widget-text-editor:not(.elementor-drop-cap-view-default) .elementor-drop-cap-letter{width:1em;height:1em}.elementor-widget-text-editor .elementor-drop-cap{float:left;text-align:center;line-height:1;font-size:50px}.elementor-widget-text-editor .elementor-drop-cap-letter{display:inline-block}<\/style>\t\t\t\t<p>Dvokrevetna soba je kompletno, suvremeno i funkcionalno opremljena ure\u0111ajima koji pru\u017eaju udobnost za dvije osobe. Smje\u0161taj u dvokrevetnoj sobi organiziran je na na\u010din da dvije odvojene spava\u0107e sobe dijele kuhinju, kupaonicu, toalet i lo\u0111u.\u00a0<\/p>\t\t\t\t\t\t<\/div>\n\t\t\t\t<\/div>\n\t\t\t\t\t<\/div>\n\t\t<\/div>\n\t\t\t\t\t\t\t<\/div>\n\t\t<\/section>\n\t\t\t\t<section class=\"elementor-section elementor-top-section elementor-element elementor-element-9132625 elementor-section-boxed elementor-section-height-default elementor-section-height-default\" data-id=\"9132625\" data-element_type=\"section\">\n\t\t\t\t\t\t<div class=\"elementor-container elementor-column-gap-default\">\n\t\t\t\t\t<div class=\"elementor-column elementor-col-20 elementor-top-column elementor-element elementor-element-08b7e11\" data-id=\"08b7e11\" data-element_type=\"column\">\n\t\t\t<div class=\"elementor-widget-wrap elementor-element-populated\">\n\t\t\t\t\t\t\t\t<div class=\"elementor-element elementor-element-2d3d915 elementor-widget elementor-widget-image\" data-id=\"2d3d915\" data-element_type=\"widget\" data-widget_type=\"image.default\">\n\t\t\t\t<div class=\"elementor-widget-container\">\n\t\t\t<style>\/*! elementor - v3.14.0 - 26-06-2023 *\/\n.elementor-widget-image{text-align:center}.elementor-widget-image a{display:inline-block}.elementor-widget-image a img[src$=\".svg\"]{width:48px}.elementor-widget-image img{vertical-align:middle;display:inline-block}<\/style>\t\t\t\t\t\t\t\t\t\t\t\t<img decoding=\"async\" loading=\"lazy\" width=\"160\" height=\"120\" src=\"https:\/\/sportwithus.com\/wp-content\/uploads\/2023\/06\/klima-01-01.png\" class=\"attachment-large size-large wp-image-8495\" alt=\"\" \/>\t\t\t\t\t\t\t\t\t\t\t\t\t\t\t<\/div>\n\t\t\t\t<\/div>\n\t\t\t\t\t<\/div>\n\t\t<\/div>\n\t\t\t\t<div class=\"elementor-column elementor-col-20 elementor-top-column elementor-element elementor-element-4feeaa7\" data-id=\"4feeaa7\" data-element_type=\"column\">\n\t\t\t<div class=\"elementor-widget-wrap elementor-element-populated\">\n\t\t\t\t\t\t\t\t<div class=\"elementor-element elementor-element-61d7f1b elementor-widget elementor-widget-image\" data-id=\"61d7f1b\" data-element_type=\"widget\" data-widget_type=\"image.default\">\n\t\t\t\t<div class=\"elementor-widget-container\">\n\t\t\t\t\t\t\t\t\t\t\t\t\t\t\t<img decoding=\"async\" loading=\"lazy\" width=\"160\" height=\"120\" src=\"https:\/\/sportwithus.com\/wp-content\/uploads\/2023\/06\/wifi-01-01.png\" class=\"attachment-large size-large wp-image-8513\" alt=\"\" \/>\t\t\t\t\t\t\t\t\t\t\t\t\t\t\t<\/div>\n\t\t\t\t<\/div>\n\t\t\t\t\t<\/div>\n\t\t<\/div>\n\t\t\t\t<div class=\"elementor-column elementor-col-20 elementor-top-column elementor-element elementor-element-041906f\" data-id=\"041906f\" data-element_type=\"column\">\n\t\t\t<div class=\"elementor-widget-wrap elementor-element-populated\">\n\t\t\t\t\t\t\t\t<div class=\"elementor-element elementor-element-4b78b1b elementor-widget elementor-widget-image\" data-id=\"4b78b1b\" data-element_type=\"widget\" data-widget_type=\"image.default\">\n\t\t\t\t<div class=\"elementor-widget-container\">\n\t\t\t\t\t\t\t\t\t\t\t\t\t\t\t<img decoding=\"async\" loading=\"lazy\" width=\"160\" height=\"120\" src=\"https:\/\/sportwithus.com\/wp-content\/uploads\/2023\/06\/posteljina-01-01.png\" class=\"attachment-large size-large wp-image-8502\" alt=\"\" \/>\t\t\t\t\t\t\t\t\t\t\t\t\t\t\t<\/div>\n\t\t\t\t<\/div>\n\t\t\t\t\t<\/div>\n\t\t<\/div>\n\t\t\t\t<div class=\"elementor-column elementor-col-20 elementor-top-column elementor-element elementor-element-cae1e93\" data-id=\"cae1e93\" data-element_type=\"column\">\n\t\t\t<div class=\"elementor-widget-wrap elementor-element-populated\">\n\t\t\t\t\t\t\t\t<div class=\"elementor-element elementor-element-740df93 elementor-widget elementor-widget-image\" data-id=\"740df93\" data-element_type=\"widget\" data-widget_type=\"image.default\">\n\t\t\t\t<div class=\"elementor-widget-container\">\n\t\t\t\t\t\t\t\t\t\t\t\t\t\t\t<img decoding=\"async\" loading=\"lazy\" width=\"160\" height=\"120\" src=\"https:\/\/sportwithus.com\/wp-content\/uploads\/2023\/06\/kupaona-01-01.png\" class=\"attachment-large size-large wp-image-8497\" alt=\"\" \/>\t\t\t\t\t\t\t\t\t\t\t\t\t\t\t<\/div>\n\t\t\t\t<\/div>\n\t\t\t\t\t<\/div>\n\t\t<\/div>\n\t\t\t\t<div class=\"elementor-column elementor-col-20 elementor-top-column elementor-element elementor-element-9578fc4\" data-id=\"9578fc4\" data-element_type=\"column\">\n\t\t\t<div class=\"elementor-widget-wrap elementor-element-populated\">\n\t\t\t\t\t\t\t\t<div class=\"elementor-element elementor-element-6baee0f elementor-widget elementor-widget-image\" data-id=\"6baee0f\" data-element_type=\"widget\" data-widget_type=\"image.default\">\n\t\t\t\t<div class=\"elementor-widget-container\">\n\t\t\t\t\t\t\t\t\t\t\t\t\t\t\t<img decoding=\"async\" loading=\"lazy\" width=\"160\" height=\"120\" src=\"https:\/\/sportwithus.com\/wp-content\/uploads\/2023\/06\/frizider-01-01.png\" class=\"attachment-large size-large wp-image-8490\" alt=\"\" \/>\t\t\t\t\t\t\t\t\t\t\t\t\t\t\t<\/div>\n\t\t\t\t<\/div>\n\t\t\t\t\t<\/div>\n\t\t<\/div>\n\t\t\t\t\t\t\t<\/div>\n\t\t<\/section>\n\t\t\t\t<section class=\"elementor-section elementor-top-section elementor-element elementor-element-27729f3 elementor-section-boxed elementor-section-height-default elementor-section-height-default\" data-id=\"27729f3\" data-element_type=\"section\">\n\t\t\t\t\t\t<div class=\"elementor-container elementor-column-gap-default\">\n\t\t\t\t\t<div class=\"elementor-column elementor-col-100 elementor-top-column elementor-element elementor-element-db9ca1e\" data-id=\"db9ca1e\" data-element_type=\"column\">\n\t\t\t<div class=\"elementor-widget-wrap elementor-element-populated\">\n\t\t\t\t\t\t\t\t<div class=\"elementor-element elementor-element-54998af elementor-align-center elementor-widget elementor-widget-button\" data-id=\"54998af\" data-element_type=\"widget\" data-widget_type=\"button.default\">\n\t\t\t\t<div class=\"elementor-widget-container\">\n\t\t\t\t\t<div class=\"elementor-button-wrapper\">\n\t\t\t<a class=\"elementor-button elementor-button-link elementor-size-sm\" href=\"https:\/\/sportwithus.com\/index.php\/contact-1\/\">\n\t\t\t\t\t\t<span class=\"elementor-button-content-wrapper\">\n\t\t\t\t\t\t<span class=\"elementor-button-text\">PO\u0160ALJI UPIT<\/span>\n\t\t<\/span>\n\t\t\t\t\t<\/a>\n\t\t<\/div>\n\t\t\t\t<\/div>\n\t\t\t\t<\/div>\n\t\t\t\t<div class=\"elementor-element elementor-element-c3fc0ff elementor-widget elementor-widget-html\" data-id=\"c3fc0ff\" data-element_type=\"widget\" data-widget_type=\"html.default\">\n\t\t\t\t<div class=\"elementor-widget-container\">\n\t\t\t<iframe src=\"https:\/\/www.google.com\/maps\/embed?pb=!4v1688457307987!6m8!1m7!1sCAoSLEFGMVFpcE1LelJ3aDBGNHVmRGp0SGhKZGNETF9kcVhyanZxMWFTTmVXTUtO!2m2!1d45.328345288184!2d14.469017102739!3f138.03957175015987!4f-4.687451022949446!5f0.7820865974627469\" width=\"600\" height=\"450\" style=\"border:0;\" allowfullscreen=\"\" loading=\"lazy\" referrerpolicy=\"no-referrer-when-downgrade\"><\/iframe>\t\t<\/div>\n\t\t\t\t<\/div>\n\t\t\t\t\t<\/div>\n\t\t<\/div>\n\t\t\t\t\t\t\t<\/div>\n\t\t<\/section>\n\t\t\t\t<section class=\"elementor-section elementor-top-section elementor-element elementor-element-00441da elementor-section-boxed elementor-section-height-default elementor-section-height-default\" data-id=\"00441da\" data-element_type=\"section\">\n\t\t\t\t\t\t<div class=\"elementor-container elementor-column-gap-default\">\n\t\t\t\t\t<div class=\"elementor-column elementor-col-100 elementor-top-column elementor-element elementor-element-66c7c3d\" data-id=\"66c7c3d\" data-element_type=\"column\">\n\t\t\t<div class=\"elementor-widget-wrap elementor-element-populated\">\n\t\t\t\t\t\t\t\t<div class=\"elementor-element elementor-element-0842a36 elementor-arrows-position-inside elementor-pagination-position-outside elementor-widget elementor-widget-image-carousel\" data-id=\"0842a36\" data-element_type=\"widget\" data-settings=\"{&quot;navigation&quot;:&quot;both&quot;,&quot;autoplay&quot;:&quot;yes&quot;,&quot;pause_on_hover&quot;:&quot;yes&quot;,&quot;pause_on_interaction&quot;:&quot;yes&quot;,&quot;autoplay_speed&quot;:5000,&quot;infinite&quot;:&quot;yes&quot;,&quot;speed&quot;:500}\" data-widget_type=\"image-carousel.default\">\n\t\t\t\t<div class=\"elementor-widget-container\">\n\t\t\t<style>\/*! elementor - v3.14.0 - 26-06-2023 *\/\n.elementor-widget-image-carousel .swiper,.elementor-widget-image-carousel .swiper-container{position:static}.elementor-widget-image-carousel .swiper-container .swiper-slide figure,.elementor-widget-image-carousel .swiper .swiper-slide figure{line-height:inherit}.elementor-widget-image-carousel .swiper-slide{text-align:center}.elementor-image-carousel-wrapper:not(.swiper-container-initialized):not(.swiper-initialized) .swiper-slide{max-width:calc(100% \/ var(--e-image-carousel-slides-to-show, 3))}<\/style>\t\t<div class=\"elementor-image-carousel-wrapper swiper-container\" dir=\"ltr\">\n\t\t\t<div class=\"elementor-image-carousel swiper-wrapper\" aria-live=\"off\">\n\t\t\t\t\t\t\t\t<div class=\"swiper-slide\" role=\"group\" aria-roledescription=\"slide\" aria-label=\"1 of 9\"><a data-elementor-open-lightbox=\"yes\" data-elementor-lightbox-slideshow=\"0842a36\" data-elementor-lightbox-title=\"\u010detverokrevetna soba\" data-e-action-hash=\"#elementor-action%3Aaction%3Dlightbox%26settings%3DeyJpZCI6ODMzNSwidXJsIjoiaHR0cHM6XC9cL3Nwb3J0d2l0aHVzLmNvbVwvd3AtY29udGVudFwvdXBsb2Fkc1wvMjAyM1wvMDZcLzAyLmpwZyIsInNsaWRlc2hvdyI6IjA4NDJhMzYifQ%3D%3D\" href=\"https:\/\/sportwithus.com\/wp-content\/uploads\/2023\/06\/02.jpg\"><figure class=\"swiper-slide-inner\"><img decoding=\"async\" class=\"swiper-slide-image\" src=\"https:\/\/sportwithus.com\/wp-content\/uploads\/2023\/06\/02-300x225.jpg\" alt=\"\u010detverokrevetna soba\" \/><\/figure><\/a><\/div><div class=\"swiper-slide\" role=\"group\" aria-roledescription=\"slide\" aria-label=\"2 of 9\"><a data-elementor-open-lightbox=\"yes\" data-elementor-lightbox-slideshow=\"0842a36\" data-elementor-lightbox-title=\"\u010detverokrevetna soba\" data-e-action-hash=\"#elementor-action%3Aaction%3Dlightbox%26settings%3DeyJpZCI6ODM0MSwidXJsIjoiaHR0cHM6XC9cL3Nwb3J0d2l0aHVzLmNvbVwvd3AtY29udGVudFwvdXBsb2Fkc1wvMjAyM1wvMDZcLzguanBnIiwic2xpZGVzaG93IjoiMDg0MmEzNiJ9\" href=\"https:\/\/sportwithus.com\/wp-content\/uploads\/2023\/06\/8.jpg\"><figure class=\"swiper-slide-inner\"><img decoding=\"async\" class=\"swiper-slide-image\" src=\"https:\/\/sportwithus.com\/wp-content\/uploads\/2023\/06\/8-300x225.jpg\" alt=\"\u010detverokrevetna soba\" \/><\/figure><\/a><\/div><div class=\"swiper-slide\" role=\"group\" aria-roledescription=\"slide\" aria-label=\"3 of 9\"><a data-elementor-open-lightbox=\"yes\" data-elementor-lightbox-slideshow=\"0842a36\" data-elementor-lightbox-title=\"\u010detverokrevetna soba\" data-e-action-hash=\"#elementor-action%3Aaction%3Dlightbox%26settings%3DeyJpZCI6ODMzOCwidXJsIjoiaHR0cHM6XC9cL3Nwb3J0d2l0aHVzLmNvbVwvd3AtY29udGVudFwvdXBsb2Fkc1wvMjAyM1wvMDZcLzYuanBnIiwic2xpZGVzaG93IjoiMDg0MmEzNiJ9\" href=\"https:\/\/sportwithus.com\/wp-content\/uploads\/2023\/06\/6.jpg\"><figure class=\"swiper-slide-inner\"><img decoding=\"async\" class=\"swiper-slide-image\" src=\"https:\/\/sportwithus.com\/wp-content\/uploads\/2023\/06\/6-300x225.jpg\" alt=\"\u010detverokrevetna soba\" \/><\/figure><\/a><\/div><div class=\"swiper-slide\" role=\"group\" aria-roledescription=\"slide\" aria-label=\"4 of 9\"><a data-elementor-open-lightbox=\"yes\" data-elementor-lightbox-slideshow=\"0842a36\" data-elementor-lightbox-title=\"Screenshot 2023-05-19 at 10.58.38\" data-e-action-hash=\"#elementor-action%3Aaction%3Dlightbox%26settings%3DeyJpZCI6OTczNiwidXJsIjoiaHR0cHM6XC9cL3Nwb3J0d2l0aHVzLmNvbVwvd3AtY29udGVudFwvdXBsb2Fkc1wvMjAyNVwvMDRcL1NjcmVlbnNob3QtMjAyMy0wNS0xOS1hdC0xMC41OC4zOC5wbmciLCJzbGlkZXNob3ciOiIwODQyYTM2In0%3D\" href=\"https:\/\/sportwithus.com\/wp-content\/uploads\/2025\/04\/Screenshot-2023-05-19-at-10.58.38.png\"><figure class=\"swiper-slide-inner\"><img decoding=\"async\" class=\"swiper-slide-image\" src=\"https:\/\/sportwithus.com\/wp-content\/uploads\/2025\/04\/Screenshot-2023-05-19-at-10.58.38-300x225.png\" alt=\"Screenshot 2023-05-19 at 10.58.38\" \/><\/figure><\/a><\/div><div class=\"swiper-slide\" role=\"group\" aria-roledescription=\"slide\" aria-label=\"5 of 9\"><a data-elementor-open-lightbox=\"yes\" data-elementor-lightbox-slideshow=\"0842a36\" data-elementor-lightbox-title=\"\u010detverokrevetna soba\" data-e-action-hash=\"#elementor-action%3Aaction%3Dlightbox%26settings%3DeyJpZCI6ODM0NSwidXJsIjoiaHR0cHM6XC9cL3Nwb3J0d2l0aHVzLmNvbVwvd3AtY29udGVudFwvdXBsb2Fkc1wvMjAyM1wvMDZcLzE1LnBuZyIsInNsaWRlc2hvdyI6IjA4NDJhMzYifQ%3D%3D\" href=\"https:\/\/sportwithus.com\/wp-content\/uploads\/2023\/06\/15.png\"><figure class=\"swiper-slide-inner\"><img decoding=\"async\" class=\"swiper-slide-image\" src=\"https:\/\/sportwithus.com\/wp-content\/uploads\/2023\/06\/15-300x225.png\" alt=\"\u010detverokrevetna soba\" \/><\/figure><\/a><\/div><div class=\"swiper-slide\" role=\"group\" aria-roledescription=\"slide\" aria-label=\"6 of 9\"><a data-elementor-open-lightbox=\"yes\" data-elementor-lightbox-slideshow=\"0842a36\" data-elementor-lightbox-title=\"\u010detverokrevetna soba\" data-e-action-hash=\"#elementor-action%3Aaction%3Dlightbox%26settings%3DeyJpZCI6ODM0NiwidXJsIjoiaHR0cHM6XC9cL3Nwb3J0d2l0aHVzLmNvbVwvd3AtY29udGVudFwvdXBsb2Fkc1wvMjAyM1wvMDZcLzE3LnBuZyIsInNsaWRlc2hvdyI6IjA4NDJhMzYifQ%3D%3D\" href=\"https:\/\/sportwithus.com\/wp-content\/uploads\/2023\/06\/17.png\"><figure class=\"swiper-slide-inner\"><img decoding=\"async\" class=\"swiper-slide-image\" src=\"https:\/\/sportwithus.com\/wp-content\/uploads\/2023\/06\/17-300x225.png\" alt=\"\u010detverokrevetna soba\" \/><\/figure><\/a><\/div><div class=\"swiper-slide\" role=\"group\" aria-roledescription=\"slide\" aria-label=\"7 of 9\"><a data-elementor-open-lightbox=\"yes\" data-elementor-lightbox-slideshow=\"0842a36\" data-elementor-lightbox-title=\"\u010detverokrevetna soba\" data-e-action-hash=\"#elementor-action%3Aaction%3Dlightbox%26settings%3DeyJpZCI6ODM0MCwidXJsIjoiaHR0cHM6XC9cL3Nwb3J0d2l0aHVzLmNvbVwvd3AtY29udGVudFwvdXBsb2Fkc1wvMjAyM1wvMDZcLzcuanBnIiwic2xpZGVzaG93IjoiMDg0MmEzNiJ9\" href=\"https:\/\/sportwithus.com\/wp-content\/uploads\/2023\/06\/7.jpg\"><figure class=\"swiper-slide-inner\"><img decoding=\"async\" class=\"swiper-slide-image\" src=\"https:\/\/sportwithus.com\/wp-content\/uploads\/2023\/06\/7-300x225.jpg\" alt=\"\u010detverokrevetna soba\" \/><\/figure><\/a><\/div><div class=\"swiper-slide\" role=\"group\" aria-roledescription=\"slide\" aria-label=\"8 of 9\"><a data-elementor-open-lightbox=\"yes\" data-elementor-lightbox-slideshow=\"0842a36\" data-elementor-lightbox-title=\"Screenshot 2023-05-19 at 10.59.29\" data-e-action-hash=\"#elementor-action%3Aaction%3Dlightbox%26settings%3DeyJpZCI6ODcwNiwidXJsIjoiaHR0cHM6XC9cL3Nwb3J0d2l0aHVzLmNvbVwvd3AtY29udGVudFwvdXBsb2Fkc1wvMjAyM1wvMDdcL1NjcmVlbnNob3QtMjAyMy0wNS0xOS1hdC0xMC41OS4yOS5qcGciLCJzbGlkZXNob3ciOiIwODQyYTM2In0%3D\" href=\"https:\/\/sportwithus.com\/wp-content\/uploads\/2023\/07\/Screenshot-2023-05-19-at-10.59.29.jpg\"><figure class=\"swiper-slide-inner\"><img decoding=\"async\" class=\"swiper-slide-image\" src=\"https:\/\/sportwithus.com\/wp-content\/uploads\/2023\/07\/Screenshot-2023-05-19-at-10.59.29-300x225.jpg\" alt=\"Screenshot 2023-05-19 at 10.59.29\" \/><\/figure><\/a><\/div><div class=\"swiper-slide\" role=\"group\" aria-roledescription=\"slide\" aria-label=\"9 of 9\"><a data-elementor-open-lightbox=\"yes\" data-elementor-lightbox-slideshow=\"0842a36\" data-elementor-lightbox-title=\"Screenshot 2023-05-19 at 10.59.06\" data-e-action-hash=\"#elementor-action%3Aaction%3Dlightbox%26settings%3DeyJpZCI6ODcwNSwidXJsIjoiaHR0cHM6XC9cL3Nwb3J0d2l0aHVzLmNvbVwvd3AtY29udGVudFwvdXBsb2Fkc1wvMjAyM1wvMDdcL1NjcmVlbnNob3QtMjAyMy0wNS0xOS1hdC0xMC41OS4wNi5qcGciLCJzbGlkZXNob3ciOiIwODQyYTM2In0%3D\" href=\"https:\/\/sportwithus.com\/wp-content\/uploads\/2023\/07\/Screenshot-2023-05-19-at-10.59.06.jpg\"><figure class=\"swiper-slide-inner\"><img decoding=\"async\" class=\"swiper-slide-image\" src=\"https:\/\/sportwithus.com\/wp-content\/uploads\/2023\/07\/Screenshot-2023-05-19-at-10.59.06-300x225.jpg\" alt=\"Screenshot 2023-05-19 at 10.59.06\" \/><\/figure><\/a><\/div>\t\t\t<\/div>\n\t\t\t\t\t\t\t\t\t\t\t\t<div class=\"elementor-swiper-button elementor-swiper-button-prev\" role=\"button\" tabindex=\"0\">\n\t\t\t\t\t\t<i aria-hidden=\"true\" class=\"eicon-chevron-left\"><\/i>\t\t\t\t\t<\/div>\n\t\t\t\t\t<div class=\"elementor-swiper-button elementor-swiper-button-next\" role=\"button\" tabindex=\"0\">\n\t\t\t\t\t\t<i aria-hidden=\"true\" class=\"eicon-chevron-right\"><\/i>\t\t\t\t\t<\/div>\n\t\t\t\t\n\t\t\t\t\t\t\t\t\t<div class=\"swiper-pagination\"><\/div>\n\t\t\t\t\t\t\t\t\t<\/div>\n\t\t\t\t<\/div>\n\t\t\t\t<\/div>\n\t\t\t\t\t<\/div>\n\t\t<\/div>\n\t\t\t\t\t\t\t<\/div>\n\t\t<\/section>\n\t\t\t\t<section class=\"elementor-section elementor-top-section elementor-element elementor-element-38ff015 elementor-section-boxed elementor-section-height-default elementor-section-height-default\" data-id=\"38ff015\" data-element_type=\"section\">\n\t\t\t\t\t\t<div class=\"elementor-container elementor-column-gap-default\">\n\t\t\t\t\t<div class=\"elementor-column elementor-col-100 elementor-top-column elementor-element elementor-element-e6f9b5d\" data-id=\"e6f9b5d\" data-element_type=\"column\">\n\t\t\t<div class=\"elementor-widget-wrap\">\n\t\t\t\t\t\t\t\t\t<\/div>\n\t\t<\/div>\n\t\t\t\t\t\t\t<\/div>\n\t\t<\/section>\n\t\t\t\t\t\t\t<\/div>\n\t\t","protected":false},"excerpt":{"rendered":"<p>Dvokrevetna soba Dvokrevetna soba je kompletno, suvremeno i funkcionalno opremljena ure\u0111ajima koji pru\u017eaju udobnost za dvije osobe. Smje\u0161taj u dvokrevetnoj sobi organiziran je na na\u010din da dvije odvojene spava\u0107e sobe dijele kuhinju, kupaonicu, toalet i lo\u0111u.\u00a0 PO\u0160ALJI UPIT<\/p>\n","protected":false},"author":1,"featured_media":0,"parent":0,"menu_order":0,"comment_status":"closed","ping_status":"closed","template":"","meta":{"footnotes":""},"_links":{"self":[{"href":"https:\/\/sportwithus.com\/index.php\/wp-json\/wp\/v2\/pages\/8264"}],"collection":[{"href":"https:\/\/sportwithus.com\/index.php\/wp-json\/wp\/v2\/pages"}],"about":[{"href":"https:\/\/sportwithus.com\/index.php\/wp-json\/wp\/v2\/types\/page"}],"author":[{"embeddable":true,"href":"https:\/\/sportwithus.com\/index.php\/wp-json\/wp\/v2\/users\/1"}],"replies":[{"embeddable":true,"href":"https:\/\/sportwithus.com\/index.php\/wp-json\/wp\/v2\/comments?post=8264"}],"version-history":[{"count":86,"href":"https:\/\/sportwithus.com\/index.php\/wp-json\/wp\/v2\/pages\/8264\/revisions"}],"predecessor-version":[{"id":9739,"href":"https:\/\/sportwithus.com\/index.php\/wp-json\/wp\/v2\/pages\/8264\/revisions\/9739"}],"wp:attachment":[{"href":"https:\/\/sportwithus.com\/index.php\/wp-json\/wp\/v2\/media?parent=8264"}],"curies":[{"name":"wp","href":"https:\/\/api.w.org\/{rel}","templated":true}]}}