{"id":8348,"date":"2023-06-29T11:42:59","date_gmt":"2023-06-29T11:42:59","guid":{"rendered":"https:\/\/sportwithus.com\/?page_id=8348"},"modified":"2025-04-10T10:40:47","modified_gmt":"2025-04-10T10:40:47","slug":"jednokrevetna-soba-2","status":"publish","type":"page","link":"https:\/\/sportwithus.com\/index.php\/jednokrevetna-soba-2\/","title":{"rendered":"Jednokrevetna soba ***"},"content":{"rendered":"\t\t<div data-elementor-type=\"wp-page\" data-elementor-id=\"8348\" class=\"elementor elementor-8348\">\n\t\t\t\t\t\t\t\t\t<section class=\"elementor-section elementor-top-section elementor-element elementor-element-23c7f7d elementor-section-boxed elementor-section-height-default elementor-section-height-default\" data-id=\"23c7f7d\" data-element_type=\"section\">\n\t\t\t\t\t\t<div class=\"elementor-container elementor-column-gap-default\">\n\t\t\t\t\t<div class=\"elementor-column elementor-col-100 elementor-top-column elementor-element elementor-element-eff4414\" data-id=\"eff4414\" data-element_type=\"column\">\n\t\t\t<div class=\"elementor-widget-wrap elementor-element-populated\">\n\t\t\t\t\t\t\t\t<div class=\"elementor-element elementor-element-a92a0a9 elementor-widget elementor-widget-heading\" data-id=\"a92a0a9\" data-element_type=\"widget\" data-widget_type=\"heading.default\">\n\t\t\t\t<div class=\"elementor-widget-container\">\n\t\t\t<style>\/*! elementor - v3.14.0 - 26-06-2023 *\/\n.elementor-heading-title{padding:0;margin:0;line-height:1}.elementor-widget-heading .elementor-heading-title[class*=elementor-size-]>a{color:inherit;font-size:inherit;line-height:inherit}.elementor-widget-heading .elementor-heading-title.elementor-size-small{font-size:15px}.elementor-widget-heading .elementor-heading-title.elementor-size-medium{font-size:19px}.elementor-widget-heading .elementor-heading-title.elementor-size-large{font-size:29px}.elementor-widget-heading .elementor-heading-title.elementor-size-xl{font-size:39px}.elementor-widget-heading .elementor-heading-title.elementor-size-xxl{font-size:59px}<\/style><h2 class=\"elementor-heading-title elementor-size-default\">Jednokrevetna soba ***<\/h2>\t\t<\/div>\n\t\t\t\t<\/div>\n\t\t\t\t\t<\/div>\n\t\t<\/div>\n\t\t\t\t\t\t\t<\/div>\n\t\t<\/section>\n\t\t\t\t<section class=\"elementor-section elementor-top-section elementor-element elementor-element-498303c elementor-section-boxed elementor-section-height-default elementor-section-height-default\" data-id=\"498303c\" data-element_type=\"section\">\n\t\t\t\t\t\t<div class=\"elementor-container elementor-column-gap-default\">\n\t\t\t\t\t<div class=\"elementor-column elementor-col-100 elementor-top-column elementor-element elementor-element-7fa5f53\" data-id=\"7fa5f53\" data-element_type=\"column\">\n\t\t\t<div class=\"elementor-widget-wrap elementor-element-populated\">\n\t\t\t\t\t\t\t\t<div class=\"elementor-element elementor-element-d2e1a9f elementor-widget elementor-widget-text-editor\" data-id=\"d2e1a9f\" data-element_type=\"widget\" data-widget_type=\"text-editor.default\">\n\t\t\t\t<div class=\"elementor-widget-container\">\n\t\t\t<style>\/*! elementor - v3.14.0 - 26-06-2023 *\/\n.elementor-widget-text-editor.elementor-drop-cap-view-stacked .elementor-drop-cap{background-color:#69727d;color:#fff}.elementor-widget-text-editor.elementor-drop-cap-view-framed .elementor-drop-cap{color:#69727d;border:3px solid;background-color:transparent}.elementor-widget-text-editor:not(.elementor-drop-cap-view-default) .elementor-drop-cap{margin-top:8px}.elementor-widget-text-editor:not(.elementor-drop-cap-view-default) .elementor-drop-cap-letter{width:1em;height:1em}.elementor-widget-text-editor .elementor-drop-cap{float:left;text-align:center;line-height:1;font-size:50px}.elementor-widget-text-editor .elementor-drop-cap-letter{display:inline-block}<\/style>\t\t\t\t<p>Jednokrevetna soba je kompletno, suvremeno i funkcionalno opremljena ure\u0111ajima koji pru\u017eaju udobnost za do dvije osobe. Sastoji se od jedne sobe u kojoj se nalazi kuhinja, kupaonica i lo\u0111a.<\/p>\t\t\t\t\t\t<\/div>\n\t\t\t\t<\/div>\n\t\t\t\t\t<\/div>\n\t\t<\/div>\n\t\t\t\t\t\t\t<\/div>\n\t\t<\/section>\n\t\t\t\t<section class=\"elementor-section elementor-top-section elementor-element elementor-element-e5e1543 elementor-section-boxed elementor-section-height-default elementor-section-height-default\" data-id=\"e5e1543\" data-element_type=\"section\">\n\t\t\t\t\t\t<div class=\"elementor-container elementor-column-gap-default\">\n\t\t\t\t\t<div class=\"elementor-column elementor-col-16 elementor-top-column elementor-element elementor-element-dc964bd\" data-id=\"dc964bd\" data-element_type=\"column\">\n\t\t\t<div class=\"elementor-widget-wrap elementor-element-populated\">\n\t\t\t\t\t\t\t\t<div class=\"elementor-element elementor-element-67cd376 elementor-widget elementor-widget-image\" data-id=\"67cd376\" data-element_type=\"widget\" data-widget_type=\"image.default\">\n\t\t\t\t<div class=\"elementor-widget-container\">\n\t\t\t<style>\/*! elementor - v3.14.0 - 26-06-2023 *\/\n.elementor-widget-image{text-align:center}.elementor-widget-image a{display:inline-block}.elementor-widget-image a img[src$=\".svg\"]{width:48px}.elementor-widget-image img{vertical-align:middle;display:inline-block}<\/style>\t\t\t\t\t\t\t\t\t\t\t\t<img decoding=\"async\" loading=\"lazy\" width=\"160\" height=\"120\" src=\"https:\/\/sportwithus.com\/wp-content\/uploads\/2023\/06\/klima-01-01.png\" class=\"attachment-large size-large wp-image-8495\" alt=\"\" \/>\t\t\t\t\t\t\t\t\t\t\t\t\t\t\t<\/div>\n\t\t\t\t<\/div>\n\t\t\t\t\t<\/div>\n\t\t<\/div>\n\t\t\t\t<div class=\"elementor-column elementor-col-16 elementor-top-column elementor-element elementor-element-70064d3\" data-id=\"70064d3\" data-element_type=\"column\">\n\t\t\t<div class=\"elementor-widget-wrap elementor-element-populated\">\n\t\t\t\t\t\t\t\t<div class=\"elementor-element elementor-element-5afa613 elementor-widget elementor-widget-image\" data-id=\"5afa613\" data-element_type=\"widget\" data-widget_type=\"image.default\">\n\t\t\t\t<div class=\"elementor-widget-container\">\n\t\t\t\t\t\t\t\t\t\t\t\t\t\t\t<img decoding=\"async\" loading=\"lazy\" width=\"160\" height=\"120\" src=\"https:\/\/sportwithus.com\/wp-content\/uploads\/2023\/06\/wifi-01-01.png\" class=\"attachment-large size-large wp-image-8513\" alt=\"\" \/>\t\t\t\t\t\t\t\t\t\t\t\t\t\t\t<\/div>\n\t\t\t\t<\/div>\n\t\t\t\t\t<\/div>\n\t\t<\/div>\n\t\t\t\t<div class=\"elementor-column elementor-col-16 elementor-top-column elementor-element elementor-element-c552ca7\" data-id=\"c552ca7\" data-element_type=\"column\">\n\t\t\t<div class=\"elementor-widget-wrap elementor-element-populated\">\n\t\t\t\t\t\t\t\t<div class=\"elementor-element elementor-element-af53495 elementor-widget elementor-widget-image\" data-id=\"af53495\" data-element_type=\"widget\" data-widget_type=\"image.default\">\n\t\t\t\t<div class=\"elementor-widget-container\">\n\t\t\t\t\t\t\t\t\t\t\t\t\t\t\t<img decoding=\"async\" loading=\"lazy\" width=\"160\" height=\"120\" src=\"https:\/\/sportwithus.com\/wp-content\/uploads\/2023\/06\/posteljina-01-01.png\" class=\"attachment-large size-large wp-image-8502\" alt=\"\" \/>\t\t\t\t\t\t\t\t\t\t\t\t\t\t\t<\/div>\n\t\t\t\t<\/div>\n\t\t\t\t\t<\/div>\n\t\t<\/div>\n\t\t\t\t<div class=\"elementor-column elementor-col-16 elementor-top-column elementor-element elementor-element-f767c35\" data-id=\"f767c35\" data-element_type=\"column\">\n\t\t\t<div class=\"elementor-widget-wrap elementor-element-populated\">\n\t\t\t\t\t\t\t\t<div class=\"elementor-element elementor-element-002aecd elementor-widget elementor-widget-image\" data-id=\"002aecd\" data-element_type=\"widget\" data-widget_type=\"image.default\">\n\t\t\t\t<div class=\"elementor-widget-container\">\n\t\t\t\t\t\t\t\t\t\t\t\t\t\t\t<img decoding=\"async\" loading=\"lazy\" width=\"160\" height=\"120\" src=\"https:\/\/sportwithus.com\/wp-content\/uploads\/2023\/06\/kupaona-01-01.png\" class=\"attachment-large size-large wp-image-8497\" alt=\"\" \/>\t\t\t\t\t\t\t\t\t\t\t\t\t\t\t<\/div>\n\t\t\t\t<\/div>\n\t\t\t\t\t<\/div>\n\t\t<\/div>\n\t\t\t\t<div class=\"elementor-column elementor-col-16 elementor-top-column elementor-element elementor-element-d0f99d3\" data-id=\"d0f99d3\" data-element_type=\"column\">\n\t\t\t<div class=\"elementor-widget-wrap elementor-element-populated\">\n\t\t\t\t\t\t\t\t<div class=\"elementor-element elementor-element-945e5d8 elementor-widget elementor-widget-image\" data-id=\"945e5d8\" data-element_type=\"widget\" data-widget_type=\"image.default\">\n\t\t\t\t<div class=\"elementor-widget-container\">\n\t\t\t\t\t\t\t\t\t\t\t\t\t\t\t<img decoding=\"async\" loading=\"lazy\" width=\"160\" height=\"120\" src=\"https:\/\/sportwithus.com\/wp-content\/uploads\/2023\/06\/frizider-01-01.png\" class=\"attachment-large size-large wp-image-8490\" alt=\"\" \/>\t\t\t\t\t\t\t\t\t\t\t\t\t\t\t<\/div>\n\t\t\t\t<\/div>\n\t\t\t\t\t<\/div>\n\t\t<\/div>\n\t\t\t\t<div class=\"elementor-column elementor-col-16 elementor-top-column elementor-element elementor-element-8d25fd7\" data-id=\"8d25fd7\" data-element_type=\"column\">\n\t\t\t<div class=\"elementor-widget-wrap elementor-element-populated\">\n\t\t\t\t\t\t\t\t<div class=\"elementor-element elementor-element-61451f9 elementor-widget elementor-widget-image\" data-id=\"61451f9\" data-element_type=\"widget\" data-widget_type=\"image.default\">\n\t\t\t\t<div class=\"elementor-widget-container\">\n\t\t\t\t\t\t\t\t\t\t\t\t\t\t\t<img decoding=\"async\" loading=\"lazy\" width=\"160\" height=\"120\" src=\"https:\/\/sportwithus.com\/wp-content\/uploads\/2023\/06\/tv-01-01-1.png\" class=\"attachment-large size-large wp-image-8515\" alt=\"\" \/>\t\t\t\t\t\t\t\t\t\t\t\t\t\t\t<\/div>\n\t\t\t\t<\/div>\n\t\t\t\t\t<\/div>\n\t\t<\/div>\n\t\t\t\t\t\t\t<\/div>\n\t\t<\/section>\n\t\t\t\t<section class=\"elementor-section elementor-top-section elementor-element elementor-element-73b91e7 elementor-section-boxed elementor-section-height-default elementor-section-height-default\" data-id=\"73b91e7\" data-element_type=\"section\">\n\t\t\t\t\t\t<div class=\"elementor-container elementor-column-gap-default\">\n\t\t\t\t\t<div class=\"elementor-column elementor-col-100 elementor-top-column elementor-element elementor-element-cadcf1b\" data-id=\"cadcf1b\" data-element_type=\"column\">\n\t\t\t<div class=\"elementor-widget-wrap elementor-element-populated\">\n\t\t\t\t\t\t\t\t<div class=\"elementor-element elementor-element-bd10c26 elementor-align-center elementor-widget elementor-widget-button\" data-id=\"bd10c26\" data-element_type=\"widget\" data-widget_type=\"button.default\">\n\t\t\t\t<div class=\"elementor-widget-container\">\n\t\t\t\t\t<div class=\"elementor-button-wrapper\">\n\t\t\t<a class=\"elementor-button elementor-button-link elementor-size-sm\" href=\"https:\/\/sportwithus.com\/index.php\/contact-1\/\" target=\"_blank\">\n\t\t\t\t\t\t<span class=\"elementor-button-content-wrapper\">\n\t\t\t\t\t\t<span class=\"elementor-button-text\">PO\u0160ALJI UPIT<\/span>\n\t\t<\/span>\n\t\t\t\t\t<\/a>\n\t\t<\/div>\n\t\t\t\t<\/div>\n\t\t\t\t<\/div>\n\t\t\t\t<div class=\"elementor-element elementor-element-a70051c elementor-widget elementor-widget-html\" data-id=\"a70051c\" data-element_type=\"widget\" data-widget_type=\"html.default\">\n\t\t\t\t<div class=\"elementor-widget-container\">\n\t\t\t<iframe src=\"https:\/\/www.google.com\/maps\/embed?pb=!4v1688456628132!6m8!1m7!1sCAoSLEFGMVFpcE1fZXVIcDlWenFFTmR2OFdhX2xiOGs1U1BrWDh3TE1oNFN1dklr!2m2!1d45.328447781651!2d14.469008653934!3f49.59636045160203!4f-3.4946449496126064!5f0.7820865974627469\" width=\"600\" height=\"450\" style=\"border:0;\" allowfullscreen=\"\" loading=\"lazy\" referrerpolicy=\"no-referrer-when-downgrade\"><\/iframe>\t\t<\/div>\n\t\t\t\t<\/div>\n\t\t\t\t\t<\/div>\n\t\t<\/div>\n\t\t\t\t\t\t\t<\/div>\n\t\t<\/section>\n\t\t\t\t<section class=\"elementor-section elementor-top-section elementor-element elementor-element-cf4a19c elementor-section-boxed elementor-section-height-default elementor-section-height-default\" data-id=\"cf4a19c\" data-element_type=\"section\">\n\t\t\t\t\t\t<div class=\"elementor-container elementor-column-gap-default\">\n\t\t\t\t\t<div class=\"elementor-column elementor-col-100 elementor-top-column elementor-element elementor-element-96acb89\" data-id=\"96acb89\" data-element_type=\"column\">\n\t\t\t<div class=\"elementor-widget-wrap elementor-element-populated\">\n\t\t\t\t\t\t\t\t<div class=\"elementor-element elementor-element-a53d4fe elementor-arrows-position-inside elementor-pagination-position-outside elementor-widget elementor-widget-image-carousel\" data-id=\"a53d4fe\" data-element_type=\"widget\" data-settings=\"{&quot;navigation&quot;:&quot;both&quot;,&quot;autoplay&quot;:&quot;yes&quot;,&quot;pause_on_hover&quot;:&quot;yes&quot;,&quot;pause_on_interaction&quot;:&quot;yes&quot;,&quot;autoplay_speed&quot;:5000,&quot;infinite&quot;:&quot;yes&quot;,&quot;speed&quot;:500}\" data-widget_type=\"image-carousel.default\">\n\t\t\t\t<div class=\"elementor-widget-container\">\n\t\t\t<style>\/*! elementor - v3.14.0 - 26-06-2023 *\/\n.elementor-widget-image-carousel .swiper,.elementor-widget-image-carousel .swiper-container{position:static}.elementor-widget-image-carousel .swiper-container .swiper-slide figure,.elementor-widget-image-carousel .swiper .swiper-slide figure{line-height:inherit}.elementor-widget-image-carousel .swiper-slide{text-align:center}.elementor-image-carousel-wrapper:not(.swiper-container-initialized):not(.swiper-initialized) .swiper-slide{max-width:calc(100% \/ var(--e-image-carousel-slides-to-show, 3))}<\/style>\t\t<div class=\"elementor-image-carousel-wrapper swiper-container\" dir=\"ltr\">\n\t\t\t<div class=\"elementor-image-carousel swiper-wrapper\" aria-live=\"off\">\n\t\t\t\t\t\t\t\t<div class=\"swiper-slide\" role=\"group\" aria-roledescription=\"slide\" aria-label=\"1 of 5\"><a data-elementor-open-lightbox=\"yes\" data-elementor-lightbox-slideshow=\"a53d4fe\" data-elementor-lightbox-title=\"apartman 15\" data-e-action-hash=\"#elementor-action%3Aaction%3Dlightbox%26settings%3DeyJpZCI6Nzk3MSwidXJsIjoiaHR0cHM6XC9cL3Nwb3J0d2l0aHVzLmNvbVwvd3AtY29udGVudFwvdXBsb2Fkc1wvMjAyM1wvMDZcL0lNR185NDQ1LmpwZyIsInNsaWRlc2hvdyI6ImE1M2Q0ZmUifQ%3D%3D\" href=\"https:\/\/sportwithus.com\/wp-content\/uploads\/2023\/06\/IMG_9445.jpg\"><figure class=\"swiper-slide-inner\"><img decoding=\"async\" class=\"swiper-slide-image\" src=\"https:\/\/sportwithus.com\/wp-content\/uploads\/2023\/06\/IMG_9445-300x225.jpg\" alt=\"apartman 15\" \/><\/figure><\/a><\/div><div class=\"swiper-slide\" role=\"group\" aria-roledescription=\"slide\" aria-label=\"2 of 5\"><a data-elementor-open-lightbox=\"yes\" data-elementor-lightbox-slideshow=\"a53d4fe\" data-elementor-lightbox-title=\"apartman 13\" data-e-action-hash=\"#elementor-action%3Aaction%3Dlightbox%26settings%3DeyJpZCI6Nzk2OSwidXJsIjoiaHR0cHM6XC9cL3Nwb3J0d2l0aHVzLmNvbVwvd3AtY29udGVudFwvdXBsb2Fkc1wvMjAyM1wvMDZcL0lNR185NDQzLmpwZyIsInNsaWRlc2hvdyI6ImE1M2Q0ZmUifQ%3D%3D\" href=\"https:\/\/sportwithus.com\/wp-content\/uploads\/2023\/06\/IMG_9443.jpg\"><figure class=\"swiper-slide-inner\"><img decoding=\"async\" class=\"swiper-slide-image\" src=\"https:\/\/sportwithus.com\/wp-content\/uploads\/2023\/06\/IMG_9443-300x225.jpg\" alt=\"apartman 13\" \/><\/figure><\/a><\/div><div class=\"swiper-slide\" role=\"group\" aria-roledescription=\"slide\" aria-label=\"3 of 5\"><a data-elementor-open-lightbox=\"yes\" data-elementor-lightbox-slideshow=\"a53d4fe\" data-elementor-lightbox-title=\"apartman 19\" data-e-action-hash=\"#elementor-action%3Aaction%3Dlightbox%26settings%3DeyJpZCI6Nzk3NSwidXJsIjoiaHR0cHM6XC9cL3Nwb3J0d2l0aHVzLmNvbVwvd3AtY29udGVudFwvdXBsb2Fkc1wvMjAyM1wvMDZcL0lNR185NDUwLmpwZyIsInNsaWRlc2hvdyI6ImE1M2Q0ZmUifQ%3D%3D\" href=\"https:\/\/sportwithus.com\/wp-content\/uploads\/2023\/06\/IMG_9450.jpg\"><figure class=\"swiper-slide-inner\"><img decoding=\"async\" class=\"swiper-slide-image\" src=\"https:\/\/sportwithus.com\/wp-content\/uploads\/2023\/06\/IMG_9450-300x225.jpg\" alt=\"apartman 19\" \/><\/figure><\/a><\/div><div class=\"swiper-slide\" role=\"group\" aria-roledescription=\"slide\" aria-label=\"4 of 5\"><a data-elementor-open-lightbox=\"yes\" data-elementor-lightbox-slideshow=\"a53d4fe\" data-elementor-lightbox-title=\"apartman 18\" data-e-action-hash=\"#elementor-action%3Aaction%3Dlightbox%26settings%3DeyJpZCI6Nzk3NCwidXJsIjoiaHR0cHM6XC9cL3Nwb3J0d2l0aHVzLmNvbVwvd3AtY29udGVudFwvdXBsb2Fkc1wvMjAyM1wvMDZcL0lNR185NDQ4LmpwZyIsInNsaWRlc2hvdyI6ImE1M2Q0ZmUifQ%3D%3D\" href=\"https:\/\/sportwithus.com\/wp-content\/uploads\/2023\/06\/IMG_9448.jpg\"><figure class=\"swiper-slide-inner\"><img decoding=\"async\" class=\"swiper-slide-image\" src=\"https:\/\/sportwithus.com\/wp-content\/uploads\/2023\/06\/IMG_9448-300x225.jpg\" alt=\"apartman 18\" \/><\/figure><\/a><\/div><div class=\"swiper-slide\" role=\"group\" aria-roledescription=\"slide\" aria-label=\"5 of 5\"><a data-elementor-open-lightbox=\"yes\" data-elementor-lightbox-slideshow=\"a53d4fe\" data-elementor-lightbox-title=\"apartman 20\" data-e-action-hash=\"#elementor-action%3Aaction%3Dlightbox%26settings%3DeyJpZCI6Nzk3NiwidXJsIjoiaHR0cHM6XC9cL3Nwb3J0d2l0aHVzLmNvbVwvd3AtY29udGVudFwvdXBsb2Fkc1wvMjAyM1wvMDZcL0lNR185NDUxLmpwZyIsInNsaWRlc2hvdyI6ImE1M2Q0ZmUifQ%3D%3D\" href=\"https:\/\/sportwithus.com\/wp-content\/uploads\/2023\/06\/IMG_9451.jpg\"><figure class=\"swiper-slide-inner\"><img decoding=\"async\" class=\"swiper-slide-image\" src=\"https:\/\/sportwithus.com\/wp-content\/uploads\/2023\/06\/IMG_9451-300x225.jpg\" alt=\"apartman 20\" \/><\/figure><\/a><\/div>\t\t\t<\/div>\n\t\t\t\t\t\t\t\t\t\t\t\t<div class=\"elementor-swiper-button elementor-swiper-button-prev\" role=\"button\" tabindex=\"0\">\n\t\t\t\t\t\t<i aria-hidden=\"true\" class=\"eicon-chevron-left\"><\/i>\t\t\t\t\t<\/div>\n\t\t\t\t\t<div class=\"elementor-swiper-button elementor-swiper-button-next\" role=\"button\" tabindex=\"0\">\n\t\t\t\t\t\t<i aria-hidden=\"true\" class=\"eicon-chevron-right\"><\/i>\t\t\t\t\t<\/div>\n\t\t\t\t\n\t\t\t\t\t\t\t\t\t<div class=\"swiper-pagination\"><\/div>\n\t\t\t\t\t\t\t\t\t<\/div>\n\t\t\t\t<\/div>\n\t\t\t\t<\/div>\n\t\t\t\t\t<\/div>\n\t\t<\/div>\n\t\t\t\t\t\t\t<\/div>\n\t\t<\/section>\n\t\t\t\t<section class=\"elementor-section elementor-top-section elementor-element elementor-element-2458ba4 elementor-section-boxed elementor-section-height-default elementor-section-height-default\" data-id=\"2458ba4\" data-element_type=\"section\">\n\t\t\t\t\t\t<div class=\"elementor-container elementor-column-gap-default\">\n\t\t\t\t\t<div class=\"elementor-column elementor-col-100 elementor-top-column elementor-element elementor-element-cb4fff4\" data-id=\"cb4fff4\" data-element_type=\"column\">\n\t\t\t<div class=\"elementor-widget-wrap\">\n\t\t\t\t\t\t\t\t\t<\/div>\n\t\t<\/div>\n\t\t\t\t\t\t\t<\/div>\n\t\t<\/section>\n\t\t\t\t\t\t\t<\/div>\n\t\t","protected":false},"excerpt":{"rendered":"<p>Jednokrevetna soba *** Jednokrevetna soba je kompletno, suvremeno i funkcionalno opremljena ure\u0111ajima koji pru\u017eaju udobnost za do dvije osobe. Sastoji se od jedne sobe u kojoj se nalazi kuhinja, kupaonica i lo\u0111a. PO\u0160ALJI UPIT<\/p>\n","protected":false},"author":1,"featured_media":0,"parent":0,"menu_order":0,"comment_status":"closed","ping_status":"closed","template":"","meta":{"footnotes":""},"_links":{"self":[{"href":"https:\/\/sportwithus.com\/index.php\/wp-json\/wp\/v2\/pages\/8348"}],"collection":[{"href":"https:\/\/sportwithus.com\/index.php\/wp-json\/wp\/v2\/pages"}],"about":[{"href":"https:\/\/sportwithus.com\/index.php\/wp-json\/wp\/v2\/types\/page"}],"author":[{"embeddable":true,"href":"https:\/\/sportwithus.com\/index.php\/wp-json\/wp\/v2\/users\/1"}],"replies":[{"embeddable":true,"href":"https:\/\/sportwithus.com\/index.php\/wp-json\/wp\/v2\/comments?post=8348"}],"version-history":[{"count":47,"href":"https:\/\/sportwithus.com\/index.php\/wp-json\/wp\/v2\/pages\/8348\/revisions"}],"predecessor-version":[{"id":9745,"href":"https:\/\/sportwithus.com\/index.php\/wp-json\/wp\/v2\/pages\/8348\/revisions\/9745"}],"wp:attachment":[{"href":"https:\/\/sportwithus.com\/index.php\/wp-json\/wp\/v2\/media?parent=8348"}],"curies":[{"name":"wp","href":"https:\/\/api.w.org\/{rel}","templated":true}]}}